{"id":5,"date":"2019-05-07T16:33:38","date_gmt":"2019-05-07T16:33:38","guid":{"rendered":"https:\/\/alarmtech.com.do\/home\/"},"modified":"2024-02-07T12:34:51","modified_gmt":"2024-02-07T12:34:51","slug":"home","status":"publish","type":"page","link":"https:\/\/alarmtech.com.do\/en\/","title":{"rendered":"Alarmtech &#8211; Tus aliados en seguridad electr\u00f3nica"},"content":{"rendered":"<h2 class=\"wp-block-heading\">Our products <\/h2>\n\n\n\n<p>Alarmtech is a company made up of a professional team dedicated to offering proven and solid solutions to our clients. <\/p>\n\n\n\n<p>We have more than ten years of experience in the Dominican market, offering and complying with electronic security requirements of our clients in all areas.&nbsp; <\/p>\n\n\n\n<p>Tenemos un equipo de profesionales y t\u00e9cnicos dedicados a brindar un servicio y resultado \u00f3ptimo de seguridad electr\u00f3nica.&nbsp; A continuaci\u00f3n, le detallamos los sistemas y servicios que ofertamos.<\/p>\n\n\n<div class=\"wp-block-image\">\n<figure class=\"aligncenter is-resized\"><img fetchpriority=\"high\" decoding=\"async\" src=\"https:\/\/alarmtech.com.do\/wp-content\/uploads\/2019\/05\/keypad-1024x457.jpg\" alt=\"\" class=\"wp-image-27\" width=\"743\" height=\"331\" srcset=\"\" sizes=\"(max-width: 743px) 100vw, 743px\" data-srcset=\"\" \/><figcaption class=\"wp-element-caption\">Install only the best products to protect your company.<\/figcaption><\/figure><\/div>\n\n\n<div class=\"wp-block-cover is-light aligncenter\"><span aria-hidden=\"true\" class=\"wp-block-cover__background has-background-dim\"><\/span><img decoding=\"async\" width=\"1083\" height=\"408\" class=\"wp-block-cover__image-background wp-image-34\" src=\"https:\/\/alarmtech.com.do\/wp-content\/uploads\/2019\/05\/camera.jpg\" style=\"object-position:15% 49%\" data-object-fit=\"cover\" data-object-position=\"15% 49%\" srcset=\"https:\/\/alarmtech.com.do\/wp-content\/uploads\/2019\/05\/camera.jpg 1083w, https:\/\/alarmtech.com.do\/wp-content\/uploads\/2019\/05\/camera-300x113.jpg 300w, https:\/\/alarmtech.com.do\/wp-content\/uploads\/2019\/05\/camera-768x289.jpg 768w, https:\/\/alarmtech.com.do\/wp-content\/uploads\/2019\/05\/camera-1024x386.jpg 1024w\" sizes=\"(max-width: 1083px) 100vw, 1083px\" \/><div class=\"wp-block-cover__inner-container\">\n<p class=\"has-text-align-right has-large-font-size\">Focused on your security<\/p>\n<\/div><\/div>\n\n\n\n<h2 class=\"wp-block-heading\">Cutting edge technology<\/h2>\n\n\n\n<div class=\"wp-block-media-text alignwide\"><figure class=\"wp-block-media-text__media\"><img decoding=\"async\" width=\"695\" height=\"247\" src=\"https:\/\/alarmtech.com.do\/wp-content\/uploads\/2024\/02\/icnvr.png\" alt=\"\" class=\"wp-image-245 size-full\" srcset=\"https:\/\/alarmtech.com.do\/wp-content\/uploads\/2024\/02\/icnvr.png 695w, https:\/\/alarmtech.com.do\/wp-content\/uploads\/2024\/02\/icnvr-300x107.png 300w, https:\/\/alarmtech.com.do\/wp-content\/uploads\/2024\/02\/icnvr-18x6.png 18w\" sizes=\"(max-width: 695px) 100vw, 695px\" \/><\/figure><div class=\"wp-block-media-text__content\">\n<p><\/p>\n<\/div><\/div>\n\n\n\n<p>Somos distribuidores autorizados de IC RealTime, empresa innovadora en el dise\u00f1o y fabricaci\u00f3n de equipos de grabaci\u00f3n y cloud IP\/an\u00e1logos fabricados en los Estados Unidos. Si quieres saber m\u00e1s sobre ellos, haz click <a href=\"https:\/\/alarmtech.com.do\/en\/ciberseguridad\/\" target=\"_blank\" aria-label=\"undefined (opens in a new tab)\" rel=\"noreferrer noopener\">here<\/a>.<\/p>\n\n\n\n<p>Cuando se trata de proteger hogares y seres queridos, invertir en un sistema de seguridad para el hogar de primera categor\u00eda con un servicio excepcional no es solo una opci\u00f3n; es una decisi\u00f3n inteligente para su tranquilidad. Descubre la m\u00e1xima protecci\u00f3n para tu hogar con el sistema de seguridad de \u00faltima generaci\u00f3n de IC Realtime, respaldado por un servicio incomparable.  <\/p>\n\n\n\n<blockquote class=\"wp-block-quote is-style-large\">\n<p>\u00abEl mejor sistema de seguridad para el hogar,<br>viene con el mejor servicio\u00bb<\/p>\n<cite>\u00ab&#8230;\u00bb<\/cite><\/blockquote>","protected":false},"excerpt":{"rendered":"<p>Nuestras Soluciones Alarmtech es una empresa conformada por un equipo profesional y dedicado a ofrecer soluciones probadas y solidas a nuestros clientes. Contamos con m\u00e1s de diez a\u00f1os de experiencia en el mercado dominicano ofreciendo y cumpliendo con requerimientos de seguridad electr\u00f3nica de nuestros clientes en todos los renglones.&nbsp; Tenemos un equipo de profesionales y&hellip; <a href=\"https:\/\/alarmtech.com.do\/en\/\" class=\"more-link\">Continue reading <span class=\"screen-reader-text\">Alarmtech &#8211; Tus aliados en seguridad electr\u00f3nica<\/span><\/a><\/p>","protected":false},"author":1,"featured_media":0,"parent":0,"menu_order":0,"comment_status":"closed","ping_status":"closed","template":"","meta":{"_monsterinsights_skip_tracking":false,"_monsterinsights_sitenote_active":false,"_monsterinsights_sitenote_note":"","_monsterinsights_sitenote_category":0},"yoast_head":"<!-- This site is optimized with the Yoast SEO plugin v14.5 - https:\/\/yoast.com\/wordpress\/plugins\/seo\/ -->\n<title>Alarmtech - Tus aliados en seguridad electr\u00f3nica - Soluciones de Seguridad Electr\u00f3nica e IoT<\/title>\n<meta name=\"robots\" content=\"index, follow\" \/>\n<meta name=\"googlebot\" content=\"index, follow, max-snippet:-1, max-image-preview:large, max-video-preview:-1\" \/>\n<meta name=\"bingbot\" content=\"index, follow, max-snippet:-1, max-image-preview:large, max-video-preview:-1\" \/>\n<link rel=\"canonical\" href=\"https:\/\/alarmtech.com.do\/en\/\" \/>\n<meta property=\"og:locale\" content=\"en_US\" \/>\n<meta property=\"og:type\" content=\"article\" \/>\n<meta property=\"og:title\" content=\"Alarmtech - Tus aliados en seguridad electr\u00f3nica - Soluciones de Seguridad Electr\u00f3nica e IoT\" \/>\n<meta property=\"og:description\" content=\"Nuestras Soluciones Alarmtech es una empresa conformada por un equipo profesional y dedicado a ofrecer soluciones probadas y solidas a nuestros clientes. Contamos con m\u00e1s de diez a\u00f1os de experiencia en el mercado dominicano ofreciendo y cumpliendo con requerimientos de seguridad electr\u00f3nica de nuestros clientes en todos los renglones.&nbsp; Tenemos un equipo de profesionales y&hellip; Continue reading Alarmtech &#8211; Tus aliados en seguridad electr\u00f3nica\" \/>\n<meta property=\"og:url\" content=\"https:\/\/alarmtech.com.do\/en\/\" \/>\n<meta property=\"og:site_name\" content=\"Soluciones de Seguridad Electr\u00f3nica e IoT\" \/>\n<meta property=\"article:modified_time\" content=\"2024-02-07T12:34:51+00:00\" \/>\n<meta property=\"og:image\" content=\"https:\/\/alarmtech.com.do\/wp-content\/uploads\/2019\/05\/keypad-1024x457.jpg\" \/>\n<meta name=\"twitter:card\" content=\"summary_large_image\" \/>\n<script type=\"application\/ld+json\" class=\"yoast-schema-graph\">{\"@context\":\"https:\/\/schema.org\",\"@graph\":[{\"@type\":\"Organization\",\"@id\":\"https:\/\/alarmtech.com.do\/en\/#organization\",\"name\":\"Alarmtech\",\"url\":\"https:\/\/alarmtech.com.do\/en\/\",\"sameAs\":[\"https:\/\/www.instagram.com\/alarmtechrd\"],\"logo\":{\"@type\":\"ImageObject\",\"@id\":\"https:\/\/alarmtech.com.do\/en\/#logo\",\"inLanguage\":\"en-US\",\"url\":\"https:\/\/alarmtech.com.do\/wp-content\/uploads\/2019\/05\/alarmtech_new.jpg\",\"width\":750,\"height\":375,\"caption\":\"Alarmtech\"},\"image\":{\"@id\":\"https:\/\/alarmtech.com.do\/en\/#logo\"}},{\"@type\":\"WebSite\",\"@id\":\"https:\/\/alarmtech.com.do\/en\/#website\",\"url\":\"https:\/\/alarmtech.com.do\/en\/\",\"name\":\"Soluciones de Seguridad Electr\\u00f3nica e IoT\",\"description\":\"M\\u00e1s vale prevenir que lamentar\",\"publisher\":{\"@id\":\"https:\/\/alarmtech.com.do\/en\/#organization\"},\"potentialAction\":[{\"@type\":\"SearchAction\",\"target\":\"https:\/\/alarmtech.com.do\/en\/?s={search_term_string}\",\"query-input\":\"required name=search_term_string\"}],\"inLanguage\":\"en-US\"},{\"@type\":\"ImageObject\",\"@id\":\"https:\/\/alarmtech.com.do\/en\/#primaryimage\",\"inLanguage\":\"en-US\",\"url\":\"https:\/\/alarmtech.com.do\/wp-content\/uploads\/2019\/05\/keypad.jpg\",\"width\":1312,\"height\":586},{\"@type\":\"WebPage\",\"@id\":\"https:\/\/alarmtech.com.do\/en\/#webpage\",\"url\":\"https:\/\/alarmtech.com.do\/en\/\",\"name\":\"Alarmtech - Tus aliados en seguridad electr\\u00f3nica - Soluciones de Seguridad Electr\\u00f3nica e IoT\",\"isPartOf\":{\"@id\":\"https:\/\/alarmtech.com.do\/en\/#website\"},\"primaryImageOfPage\":{\"@id\":\"https:\/\/alarmtech.com.do\/en\/#primaryimage\"},\"datePublished\":\"2019-05-07T16:33:38+00:00\",\"dateModified\":\"2024-02-07T12:34:51+00:00\",\"inLanguage\":\"en-US\",\"potentialAction\":[{\"@type\":\"ReadAction\",\"target\":[\"https:\/\/alarmtech.com.do\/en\/\"]}]}]}<\/script>\n<!-- \/ Yoast SEO plugin. -->","_links":{"self":[{"href":"https:\/\/alarmtech.com.do\/en\/wp-json\/wp\/v2\/pages\/5"}],"collection":[{"href":"https:\/\/alarmtech.com.do\/en\/wp-json\/wp\/v2\/pages"}],"about":[{"href":"https:\/\/alarmtech.com.do\/en\/wp-json\/wp\/v2\/types\/page"}],"author":[{"embeddable":true,"href":"https:\/\/alarmtech.com.do\/en\/wp-json\/wp\/v2\/users\/1"}],"replies":[{"embeddable":true,"href":"https:\/\/alarmtech.com.do\/en\/wp-json\/wp\/v2\/comments?post=5"}],"version-history":[{"count":4,"href":"https:\/\/alarmtech.com.do\/en\/wp-json\/wp\/v2\/pages\/5\/revisions"}],"predecessor-version":[{"id":258,"href":"https:\/\/alarmtech.com.do\/en\/wp-json\/wp\/v2\/pages\/5\/revisions\/258"}],"wp:attachment":[{"href":"https:\/\/alarmtech.com.do\/en\/wp-json\/wp\/v2\/media?parent=5"}],"curies":[{"name":"wp","href":"https:\/\/api.w.org\/{rel}","templated":true}]}}