{"id":157,"date":"2020-05-25T03:10:30","date_gmt":"2020-05-25T03:10:30","guid":{"rendered":"https:\/\/alarmtech.com.do\/?page_id=157"},"modified":"2020-05-25T05:06:41","modified_gmt":"2020-05-25T05:06:41","slug":"acceso","status":"publish","type":"page","link":"https:\/\/alarmtech.com.do\/en\/acceso\/","title":{"rendered":"Access Control"},"content":{"rendered":"<p>Alarmtech puts at your disposal a proven and highly integral line to your existing operating system of total control of the essential access points of your company, business, office, or practice. Facial recognition controls, biometrics, proximity tags, and codes are at your fingertips via Alarmtech. We provide access control solutions from the following proven brands   ZK Teco, HID Global, and Rosslare Security Products to protect access and restricted points in your environment.&nbsp;<\/p>\n\n\n\n<div class=\"wp-block-image\"><figure class=\"aligncenter size-large\"><img fetchpriority=\"high\" decoding=\"async\" width=\"546\" height=\"173\" src=\"https:\/\/alarmtech.com.do\/wp-content\/uploads\/2020\/05\/accesos.png\" alt=\"\" class=\"wp-image-198\" srcset=\"https:\/\/alarmtech.com.do\/wp-content\/uploads\/2020\/05\/accesos.png 546w, https:\/\/alarmtech.com.do\/wp-content\/uploads\/2020\/05\/accesos-300x95.png 300w\" sizes=\"(max-width: 546px) 100vw, 546px\" \/><\/figure><\/div>\n\n\n\n<p>Our professionals carry out an evaluation and survey which produces a technical recommendation of brand and equipment for your access control requirements. With Alarmtech you have the support and experience to acquire proven systems that will give results and provide the adequate protection and control required by your operations. We work to protect them. Contact us for your evaluation.&nbsp;<\/p>\n\n\n\n<div class=\"wp-block-image\"><figure class=\"aligncenter size-large\"><img decoding=\"async\" width=\"490\" height=\"92\" src=\"https:\/\/alarmtech.com.do\/wp-content\/uploads\/2020\/05\/accesos2.png\" alt=\"\" class=\"wp-image-200\" srcset=\"https:\/\/alarmtech.com.do\/wp-content\/uploads\/2020\/05\/accesos2.png 490w, https:\/\/alarmtech.com.do\/wp-content\/uploads\/2020\/05\/accesos2-300x56.png 300w\" sizes=\"(max-width: 490px) 100vw, 490px\" \/><\/figure><\/div>\n\n\n\n<p class=\"has-text-align-center\"><a href=\"https:\/\/alarmtech.com.do\/en\/contactanos-2\/\">Contact Us<\/a> For quotes<\/p>\n\n\n\n<p><\/p>","protected":false},"excerpt":{"rendered":"<p>Alarmtech pone a su disposici\u00f3n una linea probada y sumamente integrable a su sistema operativo existente de controles totales de los puntos de acceso esenciales de su empresa, comercio, oficina, o comercio.&nbsp; Controles de reconocimiento facial, biom\u00e9tricos, tags de proximidad, y c\u00f3digos est\u00e1n a su alcance v\u00eda Alarmtech.&nbsp; Proveemos soluciones de control de acceso de&hellip; <a href=\"https:\/\/alarmtech.com.do\/en\/acceso\/\" class=\"more-link\">Continue reading <span class=\"screen-reader-text\">Access Control<\/span><\/a><\/p>","protected":false},"author":1,"featured_media":0,"parent":0,"menu_order":0,"comment_status":"closed","ping_status":"closed","template":"","meta":{"_monsterinsights_skip_tracking":false,"_monsterinsights_sitenote_active":false,"_monsterinsights_sitenote_note":"","_monsterinsights_sitenote_category":0},"yoast_head":"<!-- This site is optimized with the Yoast SEO plugin v14.5 - https:\/\/yoast.com\/wordpress\/plugins\/seo\/ -->\n<title>Acceso - Soluciones de Seguridad Electr\u00f3nica e IoT<\/title>\n<meta name=\"robots\" content=\"index, follow\" \/>\n<meta name=\"googlebot\" content=\"index, follow, max-snippet:-1, max-image-preview:large, max-video-preview:-1\" \/>\n<meta name=\"bingbot\" content=\"index, follow, max-snippet:-1, max-image-preview:large, max-video-preview:-1\" \/>\n<link rel=\"canonical\" href=\"https:\/\/alarmtech.com.do\/en\/acceso\/\" \/>\n<meta property=\"og:locale\" content=\"en_US\" \/>\n<meta property=\"og:type\" content=\"article\" \/>\n<meta property=\"og:title\" content=\"Acceso - Soluciones de Seguridad Electr\u00f3nica e IoT\" \/>\n<meta property=\"og:description\" content=\"Alarmtech pone a su disposici\u00f3n una linea probada y sumamente integrable a su sistema operativo existente de controles totales de los puntos de acceso esenciales de su empresa, comercio, oficina, o comercio.&nbsp; Controles de reconocimiento facial, biom\u00e9tricos, tags de proximidad, y c\u00f3digos est\u00e1n a su alcance v\u00eda Alarmtech.&nbsp; Proveemos soluciones de control de acceso de&hellip; Continue reading Acceso\" \/>\n<meta property=\"og:url\" content=\"https:\/\/alarmtech.com.do\/en\/acceso\/\" \/>\n<meta property=\"og:site_name\" content=\"Soluciones de Seguridad Electr\u00f3nica e IoT\" \/>\n<meta property=\"article:modified_time\" content=\"2020-05-25T05:06:41+00:00\" \/>\n<meta property=\"og:image\" content=\"https:\/\/alarmtech.com.do\/wp-content\/uploads\/2020\/05\/accesos.png\" \/>\n<meta name=\"twitter:card\" content=\"summary_large_image\" \/>\n<script type=\"application\/ld+json\" class=\"yoast-schema-graph\">{\"@context\":\"https:\/\/schema.org\",\"@graph\":[{\"@type\":\"Organization\",\"@id\":\"https:\/\/alarmtech.com.do\/en\/#organization\",\"name\":\"Alarmtech\",\"url\":\"https:\/\/alarmtech.com.do\/en\/\",\"sameAs\":[\"https:\/\/www.instagram.com\/alarmtechrd\"],\"logo\":{\"@type\":\"ImageObject\",\"@id\":\"https:\/\/alarmtech.com.do\/en\/#logo\",\"inLanguage\":\"en-US\",\"url\":\"https:\/\/alarmtech.com.do\/wp-content\/uploads\/2019\/05\/alarmtech_new.jpg\",\"width\":750,\"height\":375,\"caption\":\"Alarmtech\"},\"image\":{\"@id\":\"https:\/\/alarmtech.com.do\/en\/#logo\"}},{\"@type\":\"WebSite\",\"@id\":\"https:\/\/alarmtech.com.do\/en\/#website\",\"url\":\"https:\/\/alarmtech.com.do\/en\/\",\"name\":\"Soluciones de Seguridad Electr\\u00f3nica e IoT\",\"description\":\"M\\u00e1s vale prevenir que lamentar\",\"publisher\":{\"@id\":\"https:\/\/alarmtech.com.do\/en\/#organization\"},\"potentialAction\":[{\"@type\":\"SearchAction\",\"target\":\"https:\/\/alarmtech.com.do\/en\/?s={search_term_string}\",\"query-input\":\"required name=search_term_string\"}],\"inLanguage\":\"en-US\"},{\"@type\":\"ImageObject\",\"@id\":\"https:\/\/alarmtech.com.do\/en\/acceso\/#primaryimage\",\"inLanguage\":\"en-US\",\"url\":\"https:\/\/alarmtech.com.do\/wp-content\/uploads\/2020\/05\/accesos.png\",\"width\":546,\"height\":173},{\"@type\":\"WebPage\",\"@id\":\"https:\/\/alarmtech.com.do\/en\/acceso\/#webpage\",\"url\":\"https:\/\/alarmtech.com.do\/en\/acceso\/\",\"name\":\"Acceso - Soluciones de Seguridad Electr\\u00f3nica e IoT\",\"isPartOf\":{\"@id\":\"https:\/\/alarmtech.com.do\/en\/#website\"},\"primaryImageOfPage\":{\"@id\":\"https:\/\/alarmtech.com.do\/en\/acceso\/#primaryimage\"},\"datePublished\":\"2020-05-25T03:10:30+00:00\",\"dateModified\":\"2020-05-25T05:06:41+00:00\",\"inLanguage\":\"en-US\",\"potentialAction\":[{\"@type\":\"ReadAction\",\"target\":[\"https:\/\/alarmtech.com.do\/en\/acceso\/\"]}]}]}<\/script>\n<!-- \/ Yoast SEO plugin. -->","_links":{"self":[{"href":"https:\/\/alarmtech.com.do\/en\/wp-json\/wp\/v2\/pages\/157"}],"collection":[{"href":"https:\/\/alarmtech.com.do\/en\/wp-json\/wp\/v2\/pages"}],"about":[{"href":"https:\/\/alarmtech.com.do\/en\/wp-json\/wp\/v2\/types\/page"}],"author":[{"embeddable":true,"href":"https:\/\/alarmtech.com.do\/en\/wp-json\/wp\/v2\/users\/1"}],"replies":[{"embeddable":true,"href":"https:\/\/alarmtech.com.do\/en\/wp-json\/wp\/v2\/comments?post=157"}],"version-history":[{"count":5,"href":"https:\/\/alarmtech.com.do\/en\/wp-json\/wp\/v2\/pages\/157\/revisions"}],"predecessor-version":[{"id":229,"href":"https:\/\/alarmtech.com.do\/en\/wp-json\/wp\/v2\/pages\/157\/revisions\/229"}],"wp:attachment":[{"href":"https:\/\/alarmtech.com.do\/en\/wp-json\/wp\/v2\/media?parent=157"}],"curies":[{"name":"wp","href":"https:\/\/api.w.org\/{rel}","templated":true}]}}