{"id":153,"date":"2020-05-25T03:10:28","date_gmt":"2020-05-25T03:10:28","guid":{"rendered":"https:\/\/alarmtech.com.do\/?page_id=153"},"modified":"2024-02-07T12:38:47","modified_gmt":"2024-02-07T12:38:47","slug":"videovigilancia-2","status":"publish","type":"page","link":"https:\/\/alarmtech.com.do\/en\/videovigilancia-2\/","title":{"rendered":"Video Surveillance"},"content":{"rendered":"<p>Alarmtech pone a su alcance el dise\u00f1o, instalaci\u00f3n, e implementaci\u00f3n de sistemas integrados de videovigilancia en las modalidades de IP o HDCVI.\u00a0 Las localizaciones y tipo de c\u00e1maras seguidos por los equipos de grabaci\u00f3n son evaluados e integrados de acuerdo con los requerimientos y necesidades del cliente.\u00a0 Ofertamos l\u00edneas robustas y probadas en el pa\u00eds con mas de 10 a\u00f1os de sistemas instalados. \u00a0<\/p>\n\n\n<div class=\"wp-block-image\">\n<figure class=\"aligncenter size-full\"><img fetchpriority=\"high\" decoding=\"async\" width=\"555\" height=\"145\" src=\"https:\/\/alarmtech.com.do\/wp-content\/uploads\/2024\/02\/trio.jpg\" alt=\"\" class=\"wp-image-251\" srcset=\"https:\/\/alarmtech.com.do\/wp-content\/uploads\/2024\/02\/trio.jpg 555w, https:\/\/alarmtech.com.do\/wp-content\/uploads\/2024\/02\/trio-300x78.jpg 300w, https:\/\/alarmtech.com.do\/wp-content\/uploads\/2024\/02\/trio-18x5.jpg 18w\" sizes=\"(max-width: 555px) 100vw, 555px\" \/><\/figure><\/div>\n\n\n<p>Tambi\u00e9n ponemos a su alcance la l\u00ednea de software de monitoreo Milestone XProtect, uno de los productos m\u00e1s probados y confiables mundialmente.\u00a0 Somos instaladores autorizados de la prestigiosa l\u00ednea IC Realtime NVR para almacenamiento y procesamiento de grabaciones con los est\u00e1ndares m\u00e1s elevados de seguridad en el mercado y grabaci\u00f3n cloud.\u00a0 Con la l\u00ednea IC Realtime proveemos equipos premium de video vigilancia integrables a sistemas de dom\u00f3tica, automatizaci\u00f3n digital, y AI poni\u00e9ndonos a la vanguardia de la tecnolog\u00eda. Proteja su empresa, comercio, edificio, o residencia con la mejor protecci\u00f3n del mercado, un sistema de Alarmtech.<\/p>\n\n\n<div class=\"wp-block-image\">\n<figure class=\"aligncenter size-full\"><img decoding=\"async\" width=\"579\" height=\"84\" src=\"https:\/\/alarmtech.com.do\/wp-content\/uploads\/2024\/02\/brands.png\" alt=\"\" class=\"wp-image-253\" srcset=\"https:\/\/alarmtech.com.do\/wp-content\/uploads\/2024\/02\/brands.png 579w, https:\/\/alarmtech.com.do\/wp-content\/uploads\/2024\/02\/brands-300x44.png 300w, https:\/\/alarmtech.com.do\/wp-content\/uploads\/2024\/02\/brands-18x3.png 18w\" sizes=\"(max-width: 579px) 100vw, 579px\" \/><\/figure><\/div>\n\n\n<p class=\"has-text-align-center\"><a href=\"https:\/\/alarmtech.com.do\/en\/contactanos-2\/\">Contact Us<\/a> For quotes<\/p>","protected":false},"excerpt":{"rendered":"<p>Alarmtech pone a su alcance el dise\u00f1o, instalaci\u00f3n, e implementaci\u00f3n de sistemas integrados de videovigilancia en las modalidades de IP o HDCVI.\u00a0 Las localizaciones y tipo de c\u00e1maras seguidos por los equipos de grabaci\u00f3n son evaluados e integrados de acuerdo con los requerimientos y necesidades del cliente.\u00a0 Ofertamos l\u00edneas robustas y probadas en el pa\u00eds&hellip; <a href=\"https:\/\/alarmtech.com.do\/en\/videovigilancia-2\/\" class=\"more-link\">Continue reading <span class=\"screen-reader-text\">Video Surveillance<\/span><\/a><\/p>","protected":false},"author":1,"featured_media":0,"parent":0,"menu_order":0,"comment_status":"closed","ping_status":"closed","template":"","meta":{"_monsterinsights_skip_tracking":false,"_monsterinsights_sitenote_active":false,"_monsterinsights_sitenote_note":"","_monsterinsights_sitenote_category":0},"yoast_head":"<!-- This site is optimized with the Yoast SEO plugin v14.5 - https:\/\/yoast.com\/wordpress\/plugins\/seo\/ -->\n<title>Videovigilancia - Soluciones de Seguridad Electr\u00f3nica e IoT<\/title>\n<meta name=\"robots\" content=\"index, follow\" \/>\n<meta name=\"googlebot\" content=\"index, follow, max-snippet:-1, max-image-preview:large, max-video-preview:-1\" \/>\n<meta name=\"bingbot\" content=\"index, follow, max-snippet:-1, max-image-preview:large, max-video-preview:-1\" \/>\n<link rel=\"canonical\" href=\"https:\/\/alarmtech.com.do\/en\/videovigilancia-2\/\" \/>\n<meta property=\"og:locale\" content=\"en_US\" \/>\n<meta property=\"og:type\" content=\"article\" \/>\n<meta property=\"og:title\" content=\"Videovigilancia - Soluciones de Seguridad Electr\u00f3nica e IoT\" \/>\n<meta property=\"og:description\" content=\"Alarmtech pone a su alcance el dise\u00f1o, instalaci\u00f3n, e implementaci\u00f3n de sistemas integrados de videovigilancia en las modalidades de IP o HDCVI.\u00a0 Las localizaciones y tipo de c\u00e1maras seguidos por los equipos de grabaci\u00f3n son evaluados e integrados de acuerdo con los requerimientos y necesidades del cliente.\u00a0 Ofertamos l\u00edneas robustas y probadas en el pa\u00eds&hellip; Continue reading Videovigilancia\" \/>\n<meta property=\"og:url\" content=\"https:\/\/alarmtech.com.do\/en\/videovigilancia-2\/\" \/>\n<meta property=\"og:site_name\" content=\"Soluciones de Seguridad Electr\u00f3nica e IoT\" \/>\n<meta property=\"article:modified_time\" content=\"2024-02-07T12:38:47+00:00\" \/>\n<meta property=\"og:image\" content=\"https:\/\/alarmtech.com.do\/wp-content\/uploads\/2024\/02\/trio.jpg\" \/>\n<meta name=\"twitter:card\" content=\"summary_large_image\" \/>\n<script type=\"application\/ld+json\" class=\"yoast-schema-graph\">{\"@context\":\"https:\/\/schema.org\",\"@graph\":[{\"@type\":\"Organization\",\"@id\":\"https:\/\/alarmtech.com.do\/en\/#organization\",\"name\":\"Alarmtech\",\"url\":\"https:\/\/alarmtech.com.do\/en\/\",\"sameAs\":[\"https:\/\/www.instagram.com\/alarmtechrd\"],\"logo\":{\"@type\":\"ImageObject\",\"@id\":\"https:\/\/alarmtech.com.do\/en\/#logo\",\"inLanguage\":\"en-US\",\"url\":\"https:\/\/alarmtech.com.do\/wp-content\/uploads\/2019\/05\/alarmtech_new.jpg\",\"width\":750,\"height\":375,\"caption\":\"Alarmtech\"},\"image\":{\"@id\":\"https:\/\/alarmtech.com.do\/en\/#logo\"}},{\"@type\":\"WebSite\",\"@id\":\"https:\/\/alarmtech.com.do\/en\/#website\",\"url\":\"https:\/\/alarmtech.com.do\/en\/\",\"name\":\"Soluciones de Seguridad Electr\\u00f3nica e IoT\",\"description\":\"M\\u00e1s vale prevenir que lamentar\",\"publisher\":{\"@id\":\"https:\/\/alarmtech.com.do\/en\/#organization\"},\"potentialAction\":[{\"@type\":\"SearchAction\",\"target\":\"https:\/\/alarmtech.com.do\/en\/?s={search_term_string}\",\"query-input\":\"required name=search_term_string\"}],\"inLanguage\":\"en-US\"},{\"@type\":\"ImageObject\",\"@id\":\"https:\/\/alarmtech.com.do\/en\/videovigilancia-2\/#primaryimage\",\"inLanguage\":\"en-US\",\"url\":\"https:\/\/alarmtech.com.do\/wp-content\/uploads\/2024\/02\/trio.jpg\",\"width\":555,\"height\":145},{\"@type\":\"WebPage\",\"@id\":\"https:\/\/alarmtech.com.do\/en\/videovigilancia-2\/#webpage\",\"url\":\"https:\/\/alarmtech.com.do\/en\/videovigilancia-2\/\",\"name\":\"Videovigilancia - Soluciones de Seguridad Electr\\u00f3nica e IoT\",\"isPartOf\":{\"@id\":\"https:\/\/alarmtech.com.do\/en\/#website\"},\"primaryImageOfPage\":{\"@id\":\"https:\/\/alarmtech.com.do\/en\/videovigilancia-2\/#primaryimage\"},\"datePublished\":\"2020-05-25T03:10:28+00:00\",\"dateModified\":\"2024-02-07T12:38:47+00:00\",\"inLanguage\":\"en-US\",\"potentialAction\":[{\"@type\":\"ReadAction\",\"target\":[\"https:\/\/alarmtech.com.do\/en\/videovigilancia-2\/\"]}]}]}<\/script>\n<!-- \/ Yoast SEO plugin. -->","_links":{"self":[{"href":"https:\/\/alarmtech.com.do\/en\/wp-json\/wp\/v2\/pages\/153"}],"collection":[{"href":"https:\/\/alarmtech.com.do\/en\/wp-json\/wp\/v2\/pages"}],"about":[{"href":"https:\/\/alarmtech.com.do\/en\/wp-json\/wp\/v2\/types\/page"}],"author":[{"embeddable":true,"href":"https:\/\/alarmtech.com.do\/en\/wp-json\/wp\/v2\/users\/1"}],"replies":[{"embeddable":true,"href":"https:\/\/alarmtech.com.do\/en\/wp-json\/wp\/v2\/comments?post=153"}],"version-history":[{"count":4,"href":"https:\/\/alarmtech.com.do\/en\/wp-json\/wp\/v2\/pages\/153\/revisions"}],"predecessor-version":[{"id":260,"href":"https:\/\/alarmtech.com.do\/en\/wp-json\/wp\/v2\/pages\/153\/revisions\/260"}],"wp:attachment":[{"href":"https:\/\/alarmtech.com.do\/en\/wp-json\/wp\/v2\/media?parent=153"}],"curies":[{"name":"wp","href":"https:\/\/api.w.org\/{rel}","templated":true}]}}